{"id":275,"date":"2022-05-21T10:03:34","date_gmt":"2022-05-21T08:03:34","guid":{"rendered":"https:\/\/bruqua.es\/cms\/?page_id=275"},"modified":"2023-02-02T12:51:43","modified_gmt":"2023-02-02T11:51:43","slug":"pie-de-imprenta","status":"publish","type":"page","link":"https:\/\/bruqua.es\/cms\/es\/pie-de-imprenta\/","title":{"rendered":"Pie de imprenta"},"content":{"rendered":"<p>[et_pb_section fb_built=&#8220;1&#8243; disabled_on=&#8220;off|off|off&#8220; admin_label=&#8220;Header&#8220; _builder_version=&#8220;4.17.4&#8243; _module_preset=&#8220;default&#8220; background_enable_color=&#8220;off&#8220; use_background_color_gradient=&#8220;on&#8220; background_color_gradient_stops=&#8220;rgba(23,30,100,0.6) 10%|rgba(23,30,100,0.33) 30%&#8220; background_color_gradient_overlays_image=&#8220;on&#8220; background_image=&#8220;https:\/\/bruqua.es\/cms\/wp-content\/uploads\/2022\/05\/placa-major.jpg&#8220; background_pattern_repeat_origin=&#8220;center&#8220; locked=&#8220;off&#8220; global_colors_info=&#8220;{}&#8220;][et_pb_row column_structure=&#8220;2_3,1_3&#8243; make_equal=&#8220;on&#8220; _builder_version=&#8220;4.17.3&#8243; _module_preset=&#8220;default&#8220; global_colors_info=&#8220;{}&#8220;][et_pb_column type=&#8220;2_3&#8243; _builder_version=&#8220;4.17.3&#8243; _module_preset=&#8220;default&#8220; global_colors_info=&#8220;{}&#8220;][et_pb_text _builder_version=&#8220;4.17.4&#8243; _module_preset=&#8220;default&#8220; text_font_size=&#8220;22px&#8220; text_line_height=&#8220;1.8em&#8220; header_font=&#8220;|700|||||||&#8220; header_text_color=&#8220;gcid-9ef99a9e-73b8-4157-8af4-e9dfe31527f9&#8243; header_font_size=&#8220;80px&#8220; header_line_height=&#8220;1.2em&#8220; background_enable_color=&#8220;off&#8220; background_layout=&#8220;dark&#8220; min_height_tablet=&#8220;&#8220; min_height_phone=&#8220;&#8220; min_height_last_edited=&#8220;on|desktop&#8220; custom_margin=&#8220;|||||false&#8220; custom_padding=&#8220;40px|40px|40px|40px|true|true&#8220; text_font_size_tablet=&#8220;&#8220; text_font_size_phone=&#8220;18px&#8220; text_font_size_last_edited=&#8220;on|phone&#8220; header_font_size_tablet=&#8220;60px&#8220; header_font_size_phone=&#8220;36px&#8220; header_font_size_last_edited=&#8220;on|phone&#8220; border_width_all=&#8220;40px&#8220; border_color_all=&#8220;gcid-3d3a3a0c-b590-42e8-a297-d0785f5eda56&#8243; border_width_all_tablet=&#8220;&#8220; border_width_all_phone=&#8220;3px&#8220; border_width_all_last_edited=&#8220;on|desktop&#8220; locked=&#8220;off&#8220; global_colors_info=&#8220;{%22gcid-3d3a3a0c-b590-42e8-a297-d0785f5eda56%22:%91%22background_color%22,%22border_color_all%22%93,%22gcid-9ef99a9e-73b8-4157-8af4-e9dfe31527f9%22:%91%22header_text_color%22%93}&#8220;]<\/p>\n<h1>Pie de imprenta<\/h1>\n<p>[\/et_pb_text][\/et_pb_column][et_pb_column type=&#8220;1_3&#8243; _builder_version=&#8220;4.17.3&#8243; _module_preset=&#8220;default&#8220; custom_css_main_element=&#8220;margin: auto;&#8220; global_colors_info=&#8220;{}&#8220;][\/et_pb_column][\/et_pb_row][\/et_pb_section][et_pb_section fb_built=&#8220;1&#8243; admin_label=&#8220;Content&#8220; module_id=&#8220;start&#8220; _builder_version=&#8220;4.17.3&#8243; _module_preset=&#8220;default&#8220; background_enable_color=&#8220;off&#8220; locked=&#8220;off&#8220; global_colors_info=&#8220;{%22gcid-a37bcbe6-39f5-43dd-b0f6-d72061b2a554%22:%91%22background_color%22%93}&#8220;][et_pb_row column_structure=&#8220;3_4,1_4&#8243; _builder_version=&#8220;4.17.3&#8243; _module_preset=&#8220;default&#8220; global_colors_info=&#8220;{}&#8220;][et_pb_column type=&#8220;3_4&#8243; _builder_version=&#8220;4.17.3&#8243; _module_preset=&#8220;default&#8220; background_last_edited=&#8220;off|desktop&#8220; use_background_color_gradient_phone=&#8220;off&#8220; background_color_gradient_overlays_image_phone=&#8220;on&#8220; background_enable_image_tablet=&#8220;off&#8220; background_enable_image_phone=&#8220;off&#8220; background_size_tablet=&#8220;custom&#8220; background_image_width_tablet=&#8220;38%&#8220; background_image_width_phone=&#8220;42%&#8220; background_blend_tablet=&#8220;color-burn&#8220; background_blend_phone=&#8220;normal&#8220; global_colors_info=&#8220;{}&#8220;][et_pb_text ul_position=&#8220;inside&#8220; ul_item_indent=&#8220;20px&#8220; ol_type=&#8220;decimal-leading-zero&#8220; ol_item_indent=&#8220;20px&#8220; quote_border_weight=&#8220;15px&#8220; quote_border_color=&#8220;#f7d046&#8243; _builder_version=&#8220;4.19.4&#8243; _module_preset=&#8220;default&#8220; text_text_color=&#8220;#353740&#8243; text_font_size=&#8220;17px&#8220; text_line_height=&#8220;1.8em&#8220; link_font=&#8220;||||on|||#353740|&#8220; link_text_color=&#8220;#353740&#8243; ul_text_color=&#8220;#353740&#8243; ul_line_height=&#8220;1.8em&#8220; ol_text_color=&#8220;#353740&#8243; ol_line_height=&#8220;1.8em&#8220; quote_font=&#8220;|300|on||||||&#8220; quote_text_color=&#8220;#353740&#8243; quote_font_size=&#8220;22px&#8220; header_font=&#8220;|700|||||||&#8220; header_text_color=&#8220;#353740&#8243; header_font_size=&#8220;56px&#8220; header_line_height=&#8220;1.3em&#8220; header_2_font=&#8220;|700|||||||&#8220; header_2_text_color=&#8220;#353740&#8243; header_2_font_size=&#8220;45px&#8220; header_2_line_height=&#8220;1.3em&#8220; header_3_font=&#8220;|700|||||||&#8220; header_3_text_color=&#8220;#353740&#8243; header_3_font_size=&#8220;40px&#8220; header_3_line_height=&#8220;1.3em&#8220; header_4_font=&#8220;|700|||||||&#8220; header_4_font_size=&#8220;32px&#8220; header_4_line_height=&#8220;1.3em&#8220; header_5_font=&#8220;|700|||||||&#8220; header_5_text_color=&#8220;#353740&#8243; header_5_font_size=&#8220;28px&#8220; header_5_line_height=&#8220;1.3em&#8220; header_6_font=&#8220;|700|||||||&#8220; header_6_text_color=&#8220;#353740&#8243; header_6_font_size=&#8220;24px&#8220; header_6_line_height=&#8220;1.3em&#8220; hover_enabled=&#8220;0&#8243; header_font_size_tablet=&#8220;42px&#8220; header_font_size_phone=&#8220;28px&#8220; header_font_size_last_edited=&#8220;on|phone&#8220; header_2_font_size_tablet=&#8220;35px&#8220; header_2_font_size_phone=&#8220;24px&#8220; header_2_font_size_last_edited=&#8220;on|desktop&#8220; header_3_font_size_tablet=&#8220;30px&#8220; header_3_font_size_phone=&#8220;20px&#8220; header_3_font_size_last_edited=&#8220;on|phone&#8220; header_4_font_size_tablet=&#8220;24px&#8220; header_4_font_size_phone=&#8220;18px&#8220; header_4_font_size_last_edited=&#8220;on|phone&#8220; header_5_font_size_tablet=&#8220;20px&#8220; header_5_font_size_phone=&#8220;16px&#8220; header_5_font_size_last_edited=&#8220;on|desktop&#8220; header_6_font_size_tablet=&#8220;18px&#8220; header_6_font_size_phone=&#8220;14px&#8220; header_6_font_size_last_edited=&#8220;on|desktop&#8220; locked=&#8220;off&#8220; global_colors_info=&#8220;{}&#8220; sticky_enabled=&#8220;0&#8243;]<\/p>\n<h2>Informaci\u00f3n seg\u00fan \u00a7 5 TMG<\/h2>\n<p>\n\t<span>Bruqua on line S.L.<\/span><br \/>\n\t<span>Carrer Vila Roja, 29<\/span><br \/>\n\t<span>07400 Alc\u00fadia<\/span><br \/>\n\t<span>Islas Baleares, Espa\u00f1a<\/span>\n<\/p>\n<h2>Contacto<\/h2>\n<p>Tel\u00e9fono: <span>+34 673223616<\/span><br \/>Correo electr\u00f3nico: <span>bruquaonline@gmail.com<\/span><\/p>\n<h2>NIF<\/h2>\n<p>B57776494<\/p>\n<h2>Resoluci\u00f3n de disputas<\/h2>\n<p>La Comisi\u00f3n Europea proporciona una plataforma para la resoluci\u00f3n de disputas (SO) en l\u00ednea: <a href=\"https:\/\/ec.europa.eu\/consumers\/odr\" target=\"_blank\" rel=\"noopener noreferrer\">https:\/\/ec.europa.eu\/consumers\/odr<\/a>.<br \/>Puede encontrar nuestra direcci\u00f3n de correo electr\u00f3nico arriba en el pie de imprenta.<\/p>\n<p>No estamos dispuestos ni obligados a participar en procedimientos de resoluci\u00f3n de disputas ante una junta de arbitraje de consumidores.<\/p>\n<h3>Responsabilidad por el contenido<\/h3>\n<p>Como proveedor de servicios, somos responsables de nuestro propio contenido en estas p\u00e1ginas de acuerdo con la Secci\u00f3n 7, P\u00e1rrafo 1 de la Ley Alemana de Telemedios (TMG). Sin embargo, de acuerdo con los \u00a7\u00a7 8 a 10 TMG, nosotros, como proveedores de servicios, no estamos obligados a controlar la informaci\u00f3n de terceros transmitida o almacenada ni a investigar circunstancias que indiquen una actividad ilegal.<\/p>\n<p>Las obligaciones de eliminar o bloquear el uso de informaci\u00f3n bajo la ley general no se ven afectadas. Sin embargo, la responsabilidad en este sentido s\u00f3lo es posible a partir del momento en que se tiene conocimiento de una infracci\u00f3n espec\u00edfica de la ley. Tan pronto como tengamos conocimiento de cualquier violaci\u00f3n de la ley, eliminaremos este contenido de inmediato.<\/p>\n<h3>Responsabilidad por enlaces<\/h3>\n<p>Nuestra oferta contiene enlaces a sitios web externos sobre los que no tenemos influencia. Por lo tanto, no podemos asumir ninguna responsabilidad por este contenido externo. El respectivo proveedor u operador de las p\u00e1ginas es siempre responsable del contenido de las p\u00e1ginas enlazadas. Las p\u00e1ginas enlazadas fueron revisadas por posibles violaciones legales en el momento del enlace. El contenido ilegal no era reconocible en el momento de la vinculaci\u00f3n.<\/p>\n<p>Sin embargo, la vigilancia permanente del contenido de las p\u00e1ginas enlazadas no es razonable sin evidencia concreta de una violaci\u00f3n de la ley. Tan pronto como tengamos conocimiento de infracciones legales, eliminaremos dichos enlaces de inmediato.<\/p>\n<h3>Derechos de autor<\/h3>\n<p>El contenido y los trabajos en estas p\u00e1ginas creados por los operadores del sitio est\u00e1n sujetos a la ley alemana de derechos de autor. La reproducci\u00f3n, edici\u00f3n, distribuci\u00f3n y cualquier tipo de explotaci\u00f3n fuera de los l\u00edmites de los derechos de autor requieren el consentimiento por escrito del respectivo autor o creador. Las descargas y copias de este sitio solo est\u00e1n permitidas para uso privado y no comercial.<\/p>\n<p>En la medida en que el contenido de este sitio no haya sido creado por el operador, se respetan los derechos de autor de terceros. En particular, los contenidos de terceros est\u00e1n marcados como tales. No obstante, si se entera de una infracci\u00f3n de derechos de autor, le pedimos que nos informe en consecuencia. Tan pronto como tengamos conocimiento de infracciones legales, eliminaremos dicho contenido de inmediato.<\/p>\n<p>Fuente: <a href=\"https:\/\/www.e-recht24.de\">https:\/\/www.e-recht24.de<\/a><\/p>\n<p>[\/et_pb_text][\/et_pb_column][et_pb_column type=&#8220;1_4&#8243; _builder_version=&#8220;4.17.3&#8243; _module_preset=&#8220;default&#8220; global_colors_info=&#8220;{}&#8220;][\/et_pb_column][\/et_pb_row][\/et_pb_section]<\/p>\n","protected":false},"excerpt":{"rendered":"<p>Pie de imprentaInformaci\u00f3n seg\u00fan \u00a7 5 TMG Bruqua on line S.L. Carrer Vila Roja, 29 07400 Alc\u00fadia Islas Baleares, Espa\u00f1a Contacto Tel\u00e9fono: +34 673223616Correo electr\u00f3nico: bruquaonline@gmail.com NIF B57776494 Resoluci\u00f3n de disputas La Comisi\u00f3n Europea proporciona una plataforma para la resoluci\u00f3n de disputas (SO) en l\u00ednea: https:\/\/ec.europa.eu\/consumers\/odr.Puede encontrar nuestra direcci\u00f3n de correo electr\u00f3nico arriba en el [&hellip;]<\/p>\n","protected":false},"author":1,"featured_media":0,"parent":0,"menu_order":0,"comment_status":"closed","ping_status":"closed","template":"","meta":{"_et_pb_use_builder":"on","_et_pb_old_content":"","_et_gb_content_width":"","footnotes":""},"class_list":["post-275","page","type-page","status-publish","hentry"],"acf":[],"_links":{"self":[{"href":"https:\/\/bruqua.es\/cms\/wp-json\/wp\/v2\/pages\/275","targetHints":{"allow":["GET"]}}],"collection":[{"href":"https:\/\/bruqua.es\/cms\/wp-json\/wp\/v2\/pages"}],"about":[{"href":"https:\/\/bruqua.es\/cms\/wp-json\/wp\/v2\/types\/page"}],"author":[{"embeddable":true,"href":"https:\/\/bruqua.es\/cms\/wp-json\/wp\/v2\/users\/1"}],"replies":[{"embeddable":true,"href":"https:\/\/bruqua.es\/cms\/wp-json\/wp\/v2\/comments?post=275"}],"version-history":[{"count":2,"href":"https:\/\/bruqua.es\/cms\/wp-json\/wp\/v2\/pages\/275\/revisions"}],"predecessor-version":[{"id":3938,"href":"https:\/\/bruqua.es\/cms\/wp-json\/wp\/v2\/pages\/275\/revisions\/3938"}],"wp:attachment":[{"href":"https:\/\/bruqua.es\/cms\/wp-json\/wp\/v2\/media?parent=275"}],"curies":[{"name":"wp","href":"https:\/\/api.w.org\/{rel}","templated":true}]}}